{"id":21,"date":"2022-02-02T11:03:46","date_gmt":"2022-02-02T11:03:46","guid":{"rendered":"https:\/\/housetrendie.com\/?page_id=21"},"modified":"2022-03-31T09:55:42","modified_gmt":"2022-03-31T09:55:42","slug":"about-us","status":"publish","type":"page","link":"https:\/\/housetrendie.com\/fr\/about-us\/","title":{"rendered":"\u00c0 Propos de Nous"},"content":{"rendered":"<p><span>Notre site est un site d&#8217;information sp\u00e9cialis\u00e9 dans\u00a0<\/span><span lang=\"en\"><span>la d\u00e9coration et les id\u00e9es de cuisine pour innover avec style dans votre maison.<\/span><\/span><\/p>\n<p><span>Il a \u00e9t\u00e9 conceptualis\u00e9 pour inspirer les personnes int\u00e9ress\u00e9es par des conseils pratiques et des id\u00e9es sur certaines des id\u00e9es et conceptions d&#8217;am\u00e9lioration de la maison, de la chambre, de la cuisine et du jardin les plus innovantes, les derni\u00e8res tendances en mati\u00e8re de d\u00e9coration, de mobilier, d&#8217;accessoires, ainsi que des conseils et des guides.<\/span><\/p>\n<p><span>Le blog propose des conseils classiques et des informations utiles sur les derni\u00e8res tendances en mati\u00e8re de<\/span><br \/>\n<em><strong><span>D\u00e9coration de la maison, de design d&#8217;int\u00e9rieur, de r\u00e9novation de chambres et de cuisines.<\/span><\/strong><\/em><\/p>\n","protected":false},"excerpt":{"rendered":"<p>Notre site est un site d&#8217;information sp\u00e9cialis\u00e9 dans\u00a0la d\u00e9coration et les id\u00e9es de cuisine pour innover avec style dans votre maison. Il a \u00e9t\u00e9 conceptualis\u00e9 pour inspirer les personnes int\u00e9ress\u00e9es&hellip;<\/p>\n","protected":false},"author":1,"featured_media":0,"parent":0,"menu_order":0,"comment_status":"closed","ping_status":"closed","template":"","meta":{"footnotes":""},"class_list":["post-21","page","type-page","status-publish"],"_links":{"self":[{"href":"https:\/\/housetrendie.com\/fr\/wp-json\/wp\/v2\/pages\/21","targetHints":{"allow":["GET"]}}],"collection":[{"href":"https:\/\/housetrendie.com\/fr\/wp-json\/wp\/v2\/pages"}],"about":[{"href":"https:\/\/housetrendie.com\/fr\/wp-json\/wp\/v2\/types\/page"}],"author":[{"embeddable":true,"href":"https:\/\/housetrendie.com\/fr\/wp-json\/wp\/v2\/users\/1"}],"replies":[{"embeddable":true,"href":"https:\/\/housetrendie.com\/fr\/wp-json\/wp\/v2\/comments?post=21"}],"version-history":[{"count":6,"href":"https:\/\/housetrendie.com\/fr\/wp-json\/wp\/v2\/pages\/21\/revisions"}],"predecessor-version":[{"id":367,"href":"https:\/\/housetrendie.com\/fr\/wp-json\/wp\/v2\/pages\/21\/revisions\/367"}],"wp:attachment":[{"href":"https:\/\/housetrendie.com\/fr\/wp-json\/wp\/v2\/media?parent=21"}],"curies":[{"name":"wp","href":"https:\/\/api.w.org\/{rel}","templated":true}]}}